{"id":1091,"date":"2022-10-10T15:56:44","date_gmt":"2022-10-10T13:56:44","guid":{"rendered":"http:\/\/institut-lys-passion.fr\/?page_id=1091"},"modified":"2022-10-11T13:34:07","modified_gmt":"2022-10-11T11:34:07","slug":"mentions-legales","status":"publish","type":"page","link":"https:\/\/institut-lys-passion.fr\/index.php\/mentions-legales\/","title":{"rendered":"Mentions l\u00e9gales"},"content":{"rendered":"\t\t<div data-elementor-type=\"wp-page\" data-elementor-id=\"1091\" class=\"elementor elementor-1091\">\n\t\t\t\t\t\t<section class=\"elementor-section elementor-top-section elementor-element elementor-element-b23baa4 elementor-section-boxed elementor-section-height-default elementor-section-height-default\" data-id=\"b23baa4\" data-element_type=\"section\" data-e-type=\"section\">\n\t\t\t\t\t\t<div class=\"elementor-container elementor-column-gap-default\">\n\t\t\t\t\t<div class=\"elementor-column elementor-col-100 elementor-top-column elementor-element elementor-element-342e822\" data-id=\"342e822\" data-element_type=\"column\" data-e-type=\"column\">\n\t\t\t<div class=\"elementor-widget-wrap elementor-element-populated\">\n\t\t\t\t\t\t<div class=\"elementor-element elementor-element-2abc368 elementor-widget elementor-widget-text-editor\" data-id=\"2abc368\" data-element_type=\"widget\" data-e-type=\"widget\" data-widget_type=\"text-editor.default\">\n\t\t\t\t<div class=\"elementor-widget-container\">\n\t\t\t\t\t\t\t\t\t<a href=\"https:\/\/institut-lys-passion.fr\" style=\"color: #d79b00\"> &#9664; Retourner \u00e0 la page d&rsquo;accueil<\/a>\t\t\t\t\t\t\t\t<\/div>\n\t\t\t\t<\/div>\n\t\t\t\t\t<\/div>\n\t\t<\/div>\n\t\t\t\t\t<\/div>\n\t\t<\/section>\n\t\t\t\t<section class=\"elementor-section elementor-top-section elementor-element elementor-element-6736cb0 elementor-section-boxed elementor-section-height-default elementor-section-height-default\" data-id=\"6736cb0\" data-element_type=\"section\" data-e-type=\"section\">\n\t\t\t\t\t\t<div class=\"elementor-container elementor-column-gap-default\">\n\t\t\t\t\t<div class=\"elementor-column elementor-col-100 elementor-top-column elementor-element elementor-element-69dd8fd\" data-id=\"69dd8fd\" data-element_type=\"column\" data-e-type=\"column\">\n\t\t\t<div class=\"elementor-widget-wrap elementor-element-populated\">\n\t\t\t\t\t\t<div class=\"elementor-element elementor-element-ebc5dd9 elementor-widget elementor-widget-image\" data-id=\"ebc5dd9\" data-element_type=\"widget\" data-e-type=\"widget\" data-widget_type=\"image.default\">\n\t\t\t\t<div class=\"elementor-widget-container\">\n\t\t\t\t\t\t\t\t\t\t\t\t\t\t\t<img fetchpriority=\"high\" decoding=\"async\" width=\"708\" height=\"628\" src=\"https:\/\/institut-lys-passion.fr\/wp-content\/uploads\/2022\/10\/logo.svg\" class=\"attachment-large size-large wp-image-28\" alt=\"\" \/>\t\t\t\t\t\t\t\t\t\t\t\t\t\t\t<\/div>\n\t\t\t\t<\/div>\n\t\t\t\t\t<\/div>\n\t\t<\/div>\n\t\t\t\t\t<\/div>\n\t\t<\/section>\n\t\t\t\t<section class=\"elementor-section elementor-top-section elementor-element elementor-element-2d1a947 elementor-section-boxed elementor-section-height-default elementor-section-height-default\" data-id=\"2d1a947\" data-element_type=\"section\" data-e-type=\"section\">\n\t\t\t\t\t\t<div class=\"elementor-container elementor-column-gap-default\">\n\t\t\t\t\t<div class=\"elementor-column elementor-col-100 elementor-top-column elementor-element elementor-element-c083740\" data-id=\"c083740\" data-element_type=\"column\" data-e-type=\"column\">\n\t\t\t<div class=\"elementor-widget-wrap elementor-element-populated\">\n\t\t\t\t\t\t<div class=\"elementor-element elementor-element-58c9e30 elementor-widget elementor-widget-heading\" data-id=\"58c9e30\" data-element_type=\"widget\" data-e-type=\"widget\" data-widget_type=\"heading.default\">\n\t\t\t\t<div class=\"elementor-widget-container\">\n\t\t\t\t\t<h2 class=\"elementor-heading-title elementor-size-default\">Mentions l\u00e9gales<\/h2>\t\t\t\t<\/div>\n\t\t\t\t<\/div>\n\t\t\t\t\t<\/div>\n\t\t<\/div>\n\t\t\t\t\t<\/div>\n\t\t<\/section>\n\t\t\t\t<section class=\"elementor-section elementor-top-section elementor-element elementor-element-e3b1ca3 elementor-section-boxed elementor-section-height-default elementor-section-height-default\" data-id=\"e3b1ca3\" data-element_type=\"section\" data-e-type=\"section\">\n\t\t\t\t\t\t<div class=\"elementor-container elementor-column-gap-default\">\n\t\t\t\t\t<div class=\"elementor-column elementor-col-25 elementor-top-column elementor-element elementor-element-728313f\" data-id=\"728313f\" data-element_type=\"column\" data-e-type=\"column\">\n\t\t\t<div class=\"elementor-widget-wrap elementor-element-populated\">\n\t\t\t\t\t\t<div class=\"elementor-element elementor-element-cddb7df elementor-widget elementor-widget-text-editor\" data-id=\"cddb7df\" data-element_type=\"widget\" data-e-type=\"widget\" data-widget_type=\"text-editor.default\">\n\t\t\t\t<div class=\"elementor-widget-container\">\n\t\t\t\t\t\t\t\t\t<p>EDITEUR DU SITE<\/p>\t\t\t\t\t\t\t\t<\/div>\n\t\t\t\t<\/div>\n\t\t\t\t<div class=\"elementor-element elementor-element-c836638 elementor-widget elementor-widget-text-editor\" data-id=\"c836638\" data-element_type=\"widget\" data-e-type=\"widget\" data-widget_type=\"text-editor.default\">\n\t\t\t\t<div class=\"elementor-widget-container\">\n\t\t\t\t\t\t\t\t\t<p>Institut Lys Passion &#8211; 32 place du March\u00e9 69290 Bessenay<\/p>\t\t\t\t\t\t\t\t<\/div>\n\t\t\t\t<\/div>\n\t\t\t\t\t<\/div>\n\t\t<\/div>\n\t\t\t\t<div class=\"elementor-column elementor-col-25 elementor-top-column elementor-element elementor-element-1f2972a\" data-id=\"1f2972a\" data-element_type=\"column\" data-e-type=\"column\">\n\t\t\t<div class=\"elementor-widget-wrap elementor-element-populated\">\n\t\t\t\t\t\t<div class=\"elementor-element elementor-element-6bfb13e elementor-widget elementor-widget-text-editor\" data-id=\"6bfb13e\" data-element_type=\"widget\" data-e-type=\"widget\" data-widget_type=\"text-editor.default\">\n\t\t\t\t<div class=\"elementor-widget-container\">\n\t\t\t\t\t\t\t\t\t<p>DIRECTEUR DE LA PUBLICATION<\/p>\t\t\t\t\t\t\t\t<\/div>\n\t\t\t\t<\/div>\n\t\t\t\t<div class=\"elementor-element elementor-element-b80a2f9 elementor-widget elementor-widget-text-editor\" data-id=\"b80a2f9\" data-element_type=\"widget\" data-e-type=\"widget\" data-widget_type=\"text-editor.default\">\n\t\t\t\t<div class=\"elementor-widget-container\">\n\t\t\t\t\t\t\t\t\t<p>Nelly CARADOT<\/p>\t\t\t\t\t\t\t\t<\/div>\n\t\t\t\t<\/div>\n\t\t\t\t\t<\/div>\n\t\t<\/div>\n\t\t\t\t<div class=\"elementor-column elementor-col-25 elementor-top-column elementor-element elementor-element-7ca7cab\" data-id=\"7ca7cab\" data-element_type=\"column\" data-e-type=\"column\">\n\t\t\t<div class=\"elementor-widget-wrap elementor-element-populated\">\n\t\t\t\t\t\t<div class=\"elementor-element elementor-element-c5f50a4 elementor-widget elementor-widget-text-editor\" data-id=\"c5f50a4\" data-element_type=\"widget\" data-e-type=\"widget\" data-widget_type=\"text-editor.default\">\n\t\t\t\t<div class=\"elementor-widget-container\">\n\t\t\t\t\t\t\t\t\t<p>CONCEPTION DU SITE<\/p>\t\t\t\t\t\t\t\t<\/div>\n\t\t\t\t<\/div>\n\t\t\t\t<div class=\"elementor-element elementor-element-8fc4226 elementor-widget elementor-widget-text-editor\" data-id=\"8fc4226\" data-element_type=\"widget\" data-e-type=\"widget\" data-widget_type=\"text-editor.default\">\n\t\t\t\t<div class=\"elementor-widget-container\">\n\t\t\t\t\t\t\t\t\tDesign : Agence RP2I &#8211; Romaric PIBOLLEAU\t\t\t\t\t\t\t\t<\/div>\n\t\t\t\t<\/div>\n\t\t\t\t<div class=\"elementor-element elementor-element-412b48e elementor-widget elementor-widget-text-editor\" data-id=\"412b48e\" data-element_type=\"widget\" data-e-type=\"widget\" data-widget_type=\"text-editor.default\">\n\t\t\t\t<div class=\"elementor-widget-container\">\n\t\t\t\t\t\t\t\t\t<p>Recr\u00e9ation du site sur WordPress : Sara\u00cf HITO<\/p>\t\t\t\t\t\t\t\t<\/div>\n\t\t\t\t<\/div>\n\t\t\t\t<div class=\"elementor-element elementor-element-9e4ba7a elementor-widget elementor-widget-text-editor\" data-id=\"9e4ba7a\" data-element_type=\"widget\" data-e-type=\"widget\" data-widget_type=\"text-editor.default\">\n\t\t\t\t<div class=\"elementor-widget-container\">\n\t\t\t\t\t\t\t\t\t<p>Gestion et mise \u00e0 jour du site : Alice LUC<\/p>\t\t\t\t\t\t\t\t<\/div>\n\t\t\t\t<\/div>\n\t\t\t\t\t<\/div>\n\t\t<\/div>\n\t\t\t\t<div class=\"elementor-column elementor-col-25 elementor-top-column elementor-element elementor-element-036327c\" data-id=\"036327c\" data-element_type=\"column\" data-e-type=\"column\">\n\t\t\t<div class=\"elementor-widget-wrap elementor-element-populated\">\n\t\t\t\t\t\t<div class=\"elementor-element elementor-element-9c9eefe elementor-widget elementor-widget-text-editor\" data-id=\"9c9eefe\" data-element_type=\"widget\" data-e-type=\"widget\" data-widget_type=\"text-editor.default\">\n\t\t\t\t<div class=\"elementor-widget-container\">\n\t\t\t\t\t\t\t\t\t<p>HEBERGEMENT<\/p>\t\t\t\t\t\t\t\t<\/div>\n\t\t\t\t<\/div>\n\t\t\t\t<div class=\"elementor-element elementor-element-973cee1 elementor-widget elementor-widget-text-editor\" data-id=\"973cee1\" data-element_type=\"widget\" data-e-type=\"widget\" data-widget_type=\"text-editor.default\">\n\t\t\t\t<div class=\"elementor-widget-container\">\n\t\t\t\t\t\t\t\t\t<p>OVH<\/p>\t\t\t\t\t\t\t\t<\/div>\n\t\t\t\t<\/div>\n\t\t\t\t\t<\/div>\n\t\t<\/div>\n\t\t\t\t\t<\/div>\n\t\t<\/section>\n\t\t\t\t<section class=\"elementor-section elementor-top-section elementor-element elementor-element-bb42c85 elementor-section-boxed elementor-section-height-default elementor-section-height-default\" data-id=\"bb42c85\" data-element_type=\"section\" data-e-type=\"section\">\n\t\t\t\t\t\t<div class=\"elementor-container elementor-column-gap-default\">\n\t\t\t\t\t<div class=\"elementor-column elementor-col-50 elementor-top-column elementor-element elementor-element-4d659cd\" data-id=\"4d659cd\" data-element_type=\"column\" data-e-type=\"column\">\n\t\t\t<div class=\"elementor-widget-wrap elementor-element-populated\">\n\t\t\t\t\t\t<div class=\"elementor-element elementor-element-36cc2ef elementor-widget elementor-widget-text-editor\" data-id=\"36cc2ef\" data-element_type=\"widget\" data-e-type=\"widget\" data-widget_type=\"text-editor.default\">\n\t\t\t\t<div class=\"elementor-widget-container\">\n\t\t\t\t\t\t\t\t\t<p>DONN\u00c9ES PERSONNELLES<\/p>\t\t\t\t\t\t\t\t<\/div>\n\t\t\t\t<\/div>\n\t\t\t\t<div class=\"elementor-element elementor-element-2e5efa7 elementor-widget elementor-widget-text-editor\" data-id=\"2e5efa7\" data-element_type=\"widget\" data-e-type=\"widget\" data-widget_type=\"text-editor.default\">\n\t\t\t\t<div class=\"elementor-widget-container\">\n\t\t\t\t\t\t\t\t\tLes informations personnelles collect\u00e9es soit par les formulaires de contact et courriels soit par les cookies sont r\u00e9serv\u00e9es \u00e0 l\u2019usage interne de notre soci\u00e9t\u00e9. En aucun cas elles ne seront communiqu\u00e9es \u00e0 des tiers en vue d\u2019exploitation commerciale ou de proposition de produits ou de services. Conform\u00e9ment \u00e0 la d\u00e9lib\u00e9ration de la CNIL n\u00b02006-138 du 9 mai 2006 d\u00e9cidant de la dispense de d\u00e9claration des traitements constitu\u00e9s \u00e0 des fins d\u2019information ou de communication externe et en application de la loi Informatique et Libert\u00e9s du 6 janvier 1978 modifi\u00e9e en 2004, les visiteurs b\u00e9n\u00e9ficient \u00e0 tout moment d\u2019un droit d\u2019acc\u00e8s et de modification sur les donn\u00e9es personnelles en s\u2019adressant par courrier au service clients.\t\t\t\t\t\t\t\t<\/div>\n\t\t\t\t<\/div>\n\t\t\t\t\t<\/div>\n\t\t<\/div>\n\t\t\t\t<div class=\"elementor-column elementor-col-50 elementor-top-column elementor-element elementor-element-491fe06\" data-id=\"491fe06\" data-element_type=\"column\" data-e-type=\"column\">\n\t\t\t<div class=\"elementor-widget-wrap elementor-element-populated\">\n\t\t\t\t\t\t<div class=\"elementor-element elementor-element-1011361 elementor-widget elementor-widget-text-editor\" data-id=\"1011361\" data-element_type=\"widget\" data-e-type=\"widget\" data-widget_type=\"text-editor.default\">\n\t\t\t\t<div class=\"elementor-widget-container\">\n\t\t\t\t\t\t\t\t\tDROITS \u00c0 LA PROPRI\u00c9T\u00c9 INTELLECTUELLE\t\t\t\t\t\t\t\t<\/div>\n\t\t\t\t<\/div>\n\t\t\t\t<div class=\"elementor-element elementor-element-5e6f5c0 elementor-widget elementor-widget-text-editor\" data-id=\"5e6f5c0\" data-element_type=\"widget\" data-e-type=\"widget\" data-widget_type=\"text-editor.default\">\n\t\t\t\t<div class=\"elementor-widget-container\">\n\t\t\t\t\t\t\t\t\tLes marques et logos partenaires affich\u00e9s sur ce site sont prot\u00e9g\u00e9s par copyright. Les photos, dessins, mod\u00e8les et vid\u00e9os ainsi que le contenu infographique, sont la propri\u00e9t\u00e9 exclusive de la soci\u00e9t\u00e9 Lys Passion. Le ou les sites internet dans leurs contenus, leurs chartes graphiques, leurs arborescences, les utilitaires et logiciels d\u00e9velopp\u00e9s sp\u00e9cifiques et tout signe distinctif sont prot\u00e9g\u00e9s et ne peuvent \u00eatre reproduits, modifi\u00e9s ou contrefaits selon les dispositions du Code de la propri\u00e9t\u00e9 intellectuelle. L\u2019alt\u00e9ration de cette propri\u00e9t\u00e9 intellectuelle entra\u00eenerait des poursuites devant les juridictions comp\u00e9tentes en mati\u00e8re de violation de cette propri\u00e9t\u00e9.\t\t\t\t\t\t\t\t<\/div>\n\t\t\t\t<\/div>\n\t\t\t\t\t<\/div>\n\t\t<\/div>\n\t\t\t\t\t<\/div>\n\t\t<\/section>\n\t\t\t\t<section class=\"elementor-section elementor-top-section elementor-element elementor-element-09c5b87 elementor-section-boxed elementor-section-height-default elementor-section-height-default\" data-id=\"09c5b87\" data-element_type=\"section\" data-e-type=\"section\">\n\t\t\t\t\t\t<div class=\"elementor-container elementor-column-gap-default\">\n\t\t\t\t\t<div class=\"elementor-column elementor-col-100 elementor-top-column elementor-element elementor-element-3f3ada3\" data-id=\"3f3ada3\" data-element_type=\"column\" data-e-type=\"column\">\n\t\t\t<div class=\"elementor-widget-wrap elementor-element-populated\">\n\t\t\t\t\t\t<div class=\"elementor-element elementor-element-ccc2b1f elementor-widget elementor-widget-text-editor\" data-id=\"ccc2b1f\" data-element_type=\"widget\" data-e-type=\"widget\" data-widget_type=\"text-editor.default\">\n\t\t\t\t<div class=\"elementor-widget-container\">\n\t\t\t\t\t\t\t\t\t<a href=\"https:\/\/institut-lys-passion.fr\" style=\"color: #d79b00\"> &#9664; Retourner \u00e0 la page d&rsquo;accueil<\/a>\t\t\t\t\t\t\t\t<\/div>\n\t\t\t\t<\/div>\n\t\t\t\t\t<\/div>\n\t\t<\/div>\n\t\t\t\t\t<\/div>\n\t\t<\/section>\n\t\t\t\t<\/div>\n\t\t","protected":false},"excerpt":{"rendered":"<p>&#9664; Retourner \u00e0 la page d&rsquo;accueil Mentions l\u00e9gales EDITEUR DU SITE Institut Lys Passion &#8211; 32 place du March\u00e9 69290 Bessenay DIRECTEUR DE LA PUBLICATION Nelly CARADOT CONCEPTION DU SITE Design : Agence RP2I &#8211; Romaric PIBOLLEAU Recr\u00e9ation du site sur WordPress : Sara\u00cf HITO Gestion et mise \u00e0 jour du site : Alice LUC [&hellip;]<\/p>\n","protected":false},"author":1,"featured_media":0,"parent":0,"menu_order":0,"comment_status":"closed","ping_status":"closed","template":"elementor_canvas","meta":{"footnotes":""},"class_list":["post-1091","page","type-page","status-publish","hentry"],"_links":{"self":[{"href":"https:\/\/institut-lys-passion.fr\/index.php\/wp-json\/wp\/v2\/pages\/1091","targetHints":{"allow":["GET"]}}],"collection":[{"href":"https:\/\/institut-lys-passion.fr\/index.php\/wp-json\/wp\/v2\/pages"}],"about":[{"href":"https:\/\/institut-lys-passion.fr\/index.php\/wp-json\/wp\/v2\/types\/page"}],"author":[{"embeddable":true,"href":"https:\/\/institut-lys-passion.fr\/index.php\/wp-json\/wp\/v2\/users\/1"}],"replies":[{"embeddable":true,"href":"https:\/\/institut-lys-passion.fr\/index.php\/wp-json\/wp\/v2\/comments?post=1091"}],"version-history":[{"count":2,"href":"https:\/\/institut-lys-passion.fr\/index.php\/wp-json\/wp\/v2\/pages\/1091\/revisions"}],"predecessor-version":[{"id":1157,"href":"https:\/\/institut-lys-passion.fr\/index.php\/wp-json\/wp\/v2\/pages\/1091\/revisions\/1157"}],"wp:attachment":[{"href":"https:\/\/institut-lys-passion.fr\/index.php\/wp-json\/wp\/v2\/media?parent=1091"}],"curies":[{"name":"wp","href":"https:\/\/api.w.org\/{rel}","templated":true}]}}